{"id":113,"date":"2022-02-02T11:25:09","date_gmt":"2022-02-02T11:25:09","guid":{"rendered":"https:\/\/cdsantaclara.com\/loja\/?page_id=113"},"modified":"2022-02-02T11:25:14","modified_gmt":"2022-02-02T11:25:14","slug":"shipping-delivery","status":"publish","type":"page","link":"https:\/\/cdsantaclara.com\/loja\/en\/shipping-delivery\/","title":{"rendered":"Shipping &#038; Delivery"},"content":{"rendered":"<div style=\"font-size:15px; text-align: justify;\">\n<div style=\"margin-bottom:40px; margin-top:10px;\">\nAs encomendas s\u00e3o expedidas no prazo de um dia \u00fatil ap\u00f3s a confirma\u00e7\u00e3o do pagamento. Sempre que poss\u00edvel, encomendas efetuadas at\u00e9 \u00e0s 15h s\u00e3o expedidas no pr\u00f3prio dia.<br \/>\nA entrega \u00e9 feita atrav\u00e9s da transportadora CTT. Os prazos de entrega podem ser mais demorados em \u00e9pocas de grande volume de encomendas. Os prazos de entrega abaixo referenciados aplicam-se a produtos em stock no momento da compra e<br \/>\npara os quais n\u00e3o se indique um prazo diferente de entrega.<br \/>\nFazemos entregas para Portugal Continental, A\u00e7ores, Madeira e estrangeiro, em alternativa, poder\u00e1 recolher gratuitamente a sua encomenda no nosso espa\u00e7o f\u00edsico.<br \/>\n&nbsp;<\/p>\n<p>A <strong>Santa Clara A\u00e7ores \u2013 Futebol, S.A.D.<\/strong> n\u00e3o se responsabiliza por atrasos, perdas, danos ou extravios decorrentes do transporte. No ato de recep\u00e7\u00e3o da encomenda verifique as condi\u00e7\u00f5es exterior da embalagem, e em caso de danos vis\u00edveis, estes devem ser reportados na Guia de Transporte que \u00e9 assinada e devolvida ao transportador. Ao aceitar a encomenda, a mesma \u00e9 considerada em bom estado. Em caso de devolu\u00e7\u00e3o ao remetente por n\u00e3o ter sido reclamada a encomenda, por morada incorreta ou insuficiente, o reenvio s\u00f3 ser\u00e1 feito mediante novo pagamento das despesas de envio.<br \/>\nQualquer atraso verificado na expedi\u00e7\u00e3o de artigos n\u00e3o confere o direito a indemniza\u00e7\u00e3o.\n<\/p>\n<\/div>\n<\/div>\n","protected":false},"excerpt":{"rendered":"<p>As encomendas s\u00e3o expedidas no prazo de um dia \u00fatil ap\u00f3s a confirma\u00e7\u00e3o do pagamento. Sempre que poss\u00edvel, encomendas efetuadas at\u00e9 \u00e0s 15h s\u00e3o expedidas no pr\u00f3prio dia. A entrega \u00e9 feita atrav\u00e9s da transportadora CTT. Os prazos de entrega podem ser mais demorados em \u00e9pocas de grande volume de encomendas. Os prazos de entrega [&hellip;]<\/p>\n","protected":false},"author":1,"featured_media":0,"parent":0,"menu_order":0,"comment_status":"closed","ping_status":"closed","template":"","meta":[],"_links":{"self":[{"href":"https:\/\/cdsantaclara.com\/loja\/en\/wp-json\/wp\/v2\/pages\/113"}],"collection":[{"href":"https:\/\/cdsantaclara.com\/loja\/en\/wp-json\/wp\/v2\/pages"}],"about":[{"href":"https:\/\/cdsantaclara.com\/loja\/en\/wp-json\/wp\/v2\/types\/page"}],"author":[{"embeddable":true,"href":"https:\/\/cdsantaclara.com\/loja\/en\/wp-json\/wp\/v2\/users\/1"}],"replies":[{"embeddable":true,"href":"https:\/\/cdsantaclara.com\/loja\/en\/wp-json\/wp\/v2\/comments?post=113"}],"version-history":[{"count":2,"href":"https:\/\/cdsantaclara.com\/loja\/en\/wp-json\/wp\/v2\/pages\/113\/revisions"}],"predecessor-version":[{"id":115,"href":"https:\/\/cdsantaclara.com\/loja\/en\/wp-json\/wp\/v2\/pages\/113\/revisions\/115"}],"wp:attachment":[{"href":"https:\/\/cdsantaclara.com\/loja\/en\/wp-json\/wp\/v2\/media?parent=113"}],"curies":[{"name":"wp","href":"https:\/\/api.w.org\/{rel}","templated":true}]}}