{"id":617,"date":"2022-02-08T12:52:44","date_gmt":"2022-02-08T12:52:44","guid":{"rendered":"https:\/\/cdsantaclara.com\/loja\/condicoes-para-admissao-de-socio\/"},"modified":"2022-02-08T12:52:44","modified_gmt":"2022-02-08T12:52:44","slug":"condicoes-para-admissao-de-socio","status":"publish","type":"page","link":"https:\/\/cdsantaclara.com\/loja\/en\/condicoes-para-admissao-de-socio\/","title":{"rendered":"Condi\u00e7\u00f5es para admiss\u00e3o de S\u00f3cio"},"content":{"rendered":"<p>Podem adquirir a qualidade de s\u00f3cios do Clube Desportivo Santa Clara (C.D.S.C.) todas as pessoas singulares e coletivas que assim o desejem, sem limite de idade ou g\u00e9nero.<br \/>\nO C.D.S.C n\u00e3o ir\u00e1 admitir s\u00f3cios cujos comportamentos sejam considerados indignos para o desprest\u00edgio de qualquer institui\u00e7\u00e3o desportiva, recreativa ou cultural.<br \/>\nOs S\u00f3cios do CD Santa Clara podem ser:<\/p>\n<p>&nbsp;<\/p>\n<ul>\n<li>S\u00f3cios efetivos- Pagamento de 60\u20ac anuais ou 5\u20ac mensais<\/li>\n<li>S\u00f3cios atletas- Pagamento de 30\u20ac anuais ou 2,5\u20ac mensais<\/li>\n<li>S\u00f3cios correspondentes- Pagamento de 30\u20ac anuais ou 2,5\u20ac mensais<\/li>\n<\/ul>\n<p>&nbsp;<\/p>\n<p>Para mais informa\u00e7\u00f5es consulte os Estatutos do Clube:<br \/>\n<a href=\"https:\/\/cdsantaclara.com\/clube\/estatutos\/\">https:\/\/cdsantaclara.com\/clube\/estatutos\/<\/a><\/p>\n","protected":false},"excerpt":{"rendered":"<p>Podem adquirir a qualidade de s\u00f3cios do Clube Desportivo Santa Clara (C.D.S.C.) todas as pessoas singulares e coletivas que assim o desejem, sem limite de idade ou g\u00e9nero. O C.D.S.C n\u00e3o ir\u00e1 admitir s\u00f3cios cujos comportamentos sejam considerados indignos para o desprest\u00edgio de qualquer institui\u00e7\u00e3o desportiva, recreativa ou cultural. Os S\u00f3cios do CD Santa Clara [&hellip;]<\/p>\n","protected":false},"author":1,"featured_media":0,"parent":0,"menu_order":0,"comment_status":"closed","ping_status":"closed","template":"","meta":[],"_links":{"self":[{"href":"https:\/\/cdsantaclara.com\/loja\/en\/wp-json\/wp\/v2\/pages\/617"}],"collection":[{"href":"https:\/\/cdsantaclara.com\/loja\/en\/wp-json\/wp\/v2\/pages"}],"about":[{"href":"https:\/\/cdsantaclara.com\/loja\/en\/wp-json\/wp\/v2\/types\/page"}],"author":[{"embeddable":true,"href":"https:\/\/cdsantaclara.com\/loja\/en\/wp-json\/wp\/v2\/users\/1"}],"replies":[{"embeddable":true,"href":"https:\/\/cdsantaclara.com\/loja\/en\/wp-json\/wp\/v2\/comments?post=617"}],"version-history":[{"count":0,"href":"https:\/\/cdsantaclara.com\/loja\/en\/wp-json\/wp\/v2\/pages\/617\/revisions"}],"wp:attachment":[{"href":"https:\/\/cdsantaclara.com\/loja\/en\/wp-json\/wp\/v2\/media?parent=617"}],"curies":[{"name":"wp","href":"https:\/\/api.w.org\/{rel}","templated":true}]}}