{"id":2085,"date":"2024-07-15T11:08:21","date_gmt":"2024-07-15T11:08:21","guid":{"rendered":"https:\/\/cdsantaclara.com\/loja\/?post_type=product&#038;p=2085"},"modified":"2025-12-27T12:28:58","modified_gmt":"2025-12-27T12:28:58","slug":"camisola-oficial-vermelha-24-25","status":"publish","type":"product","link":"https:\/\/cdsantaclara.com\/loja\/produto\/camisola-oficial-vermelha-24-25\/","title":{"rendered":"Camisola Principal Vermelha | 25 Euros"},"content":{"rendered":"<article class=\"text-token-text-primary w-full focus:outline-none [--shadow-height:45px] has-data-writing-block:pointer-events-none has-data-writing-block:-mt-(--shadow-height) has-data-writing-block:pt-(--shadow-height) [&amp;:has([data-writing-block])&gt;*]:pointer-events-auto [content-visibility:auto] supports-[content-visibility:auto]:[contain-intrinsic-size:auto_100lvh] scroll-mt-[calc(var(--header-height)+min(200px,max(70px,20svh)))]\" dir=\"auto\" tabindex=\"-1\" data-turn-id=\"request-6904eef2-6a10-8329-a44f-e0cf318fb3f2-10\" data-testid=\"conversation-turn-54\" data-scroll-anchor=\"true\" data-turn=\"assistant\">\n<div class=\"text-base my-auto mx-auto pb-10 [--thread-content-margin:--spacing(4)] thread-sm:[--thread-content-margin:--spacing(6)] thread-lg:[--thread-content-margin:--spacing(16)] px-(--thread-content-margin)\">\n<div class=\"[--thread-content-max-width:40rem] thread-lg:[--thread-content-max-width:48rem] mx-auto max-w-(--thread-content-max-width) flex-1 group\/turn-messages focus-visible:outline-hidden relative flex w-full min-w-0 flex-col agent-turn\" tabindex=\"-1\">\n<div class=\"flex max-w-full flex-col grow\">\n<div class=\"min-h-8 text-message relative flex w-full flex-col items-end gap-2 text-start break-words whitespace-normal [.text-message+&amp;]:mt-1\" dir=\"auto\" data-message-author-role=\"assistant\" data-message-id=\"f9eeee99-49b9-4c29-901e-5ecb7dcae645\" data-message-model-slug=\"gpt-5\">\n<div class=\"flex w-full flex-col gap-1 empty:hidden first:pt-[1px]\">\n<div class=\"markdown prose dark:prose-invert w-full break-words light markdown-new-styling\">\n<p data-start=\"0\" data-end=\"215\" data-is-last-node=\"\" data-is-only-node=\"\">Camisola oficial do Santa Clara da \u00e9poca 24\/25, produzida pela <strong data-start=\"63\" data-end=\"72\">Umbro<\/strong> em <strong data-start=\"76\" data-end=\"94\">100% poli\u00e9ster<\/strong>. Com design <strong data-start=\"107\" data-end=\"120\">sublimado<\/strong> em vermelho, alia leveza, conforto e performance, refletindo a identidade e a paix\u00e3o a\u00e7oriana.<\/p>\n<\/div>\n<\/div>\n<\/div>\n<\/div>\n<\/div>\n<\/div>\n<\/article>\n","protected":false},"excerpt":{"rendered":"<p>Camisola oficial do Santa Clara da \u00e9poca 24\/25, produzida pela Umbro em 100% poli\u00e9ster. Com design sublimado em vermelho, alia leveza, conforto e performance, refletindo a identidade e a paix\u00e3o a\u00e7oriana.<\/p>\n","protected":false},"featured_media":4436,"template":"","meta":[],"product_cat":[27],"product_tag":[],"product_group":[47],"_links":{"self":[{"href":"https:\/\/cdsantaclara.com\/loja\/wp-json\/wp\/v2\/product\/2085"}],"collection":[{"href":"https:\/\/cdsantaclara.com\/loja\/wp-json\/wp\/v2\/product"}],"about":[{"href":"https:\/\/cdsantaclara.com\/loja\/wp-json\/wp\/v2\/types\/product"}],"wp:featuredmedia":[{"embeddable":true,"href":"https:\/\/cdsantaclara.com\/loja\/wp-json\/wp\/v2\/media\/4436"}],"wp:attachment":[{"href":"https:\/\/cdsantaclara.com\/loja\/wp-json\/wp\/v2\/media?parent=2085"}],"wp:term":[{"taxonomy":"product_cat","embeddable":true,"href":"https:\/\/cdsantaclara.com\/loja\/wp-json\/wp\/v2\/product_cat?post=2085"},{"taxonomy":"product_tag","embeddable":true,"href":"https:\/\/cdsantaclara.com\/loja\/wp-json\/wp\/v2\/product_tag?post=2085"},{"taxonomy":"product_group","embeddable":true,"href":"https:\/\/cdsantaclara.com\/loja\/wp-json\/wp\/v2\/product_group?post=2085"}],"curies":[{"name":"wp","href":"https:\/\/api.w.org\/{rel}","templated":true}]}}