{"id":2129,"date":"2024-07-15T11:18:24","date_gmt":"2024-07-15T11:18:24","guid":{"rendered":"https:\/\/cdsantaclara.com\/loja\/?post_type=product&#038;p=2129"},"modified":"2026-03-27T17:09:03","modified_gmt":"2026-03-27T17:09:03","slug":"camisola-oficial-azul-24-25","status":"publish","type":"product","link":"https:\/\/cdsantaclara.com\/loja\/produto\/camisola-oficial-azul-24-25\/","title":{"rendered":"Camisola Alternativa Azul | 25 Euros"},"content":{"rendered":"<p>Camisola oficial do Santa Clara da \u00e9poca 24\/25, produzida pela <strong data-start=\"63\" data-end=\"72\">Umbro<\/strong> em <strong data-start=\"76\" data-end=\"94\">100% poli\u00e9ster<\/strong>. Com design <strong data-start=\"107\" data-end=\"120\">sublimado<\/strong> em azul, destaca-se pelo conforto, leveza e qualidade, representando a identidade e o esp\u00edrito a\u00e7oriano.<\/p>\n","protected":false},"excerpt":{"rendered":"<p>Camisola oficial do Santa Clara da \u00e9poca 24\/25, produzida pela Umbro em 100% poli\u00e9ster. Com design sublimado em azul, destaca-se pelo conforto, leveza e qualidade, representando a identidade e o esp\u00edrito a\u00e7oriano.<\/p>\n","protected":false},"featured_media":4440,"template":"","meta":[],"product_cat":[27],"product_tag":[],"product_group":[47],"_links":{"self":[{"href":"https:\/\/cdsantaclara.com\/loja\/wp-json\/wp\/v2\/product\/2129"}],"collection":[{"href":"https:\/\/cdsantaclara.com\/loja\/wp-json\/wp\/v2\/product"}],"about":[{"href":"https:\/\/cdsantaclara.com\/loja\/wp-json\/wp\/v2\/types\/product"}],"wp:featuredmedia":[{"embeddable":true,"href":"https:\/\/cdsantaclara.com\/loja\/wp-json\/wp\/v2\/media\/4440"}],"wp:attachment":[{"href":"https:\/\/cdsantaclara.com\/loja\/wp-json\/wp\/v2\/media?parent=2129"}],"wp:term":[{"taxonomy":"product_cat","embeddable":true,"href":"https:\/\/cdsantaclara.com\/loja\/wp-json\/wp\/v2\/product_cat?post=2129"},{"taxonomy":"product_tag","embeddable":true,"href":"https:\/\/cdsantaclara.com\/loja\/wp-json\/wp\/v2\/product_tag?post=2129"},{"taxonomy":"product_group","embeddable":true,"href":"https:\/\/cdsantaclara.com\/loja\/wp-json\/wp\/v2\/product_group?post=2129"}],"curies":[{"name":"wp","href":"https:\/\/api.w.org\/{rel}","templated":true}]}}