{"id":3736,"date":"2025-07-21T14:31:46","date_gmt":"2025-07-21T14:31:46","guid":{"rendered":"https:\/\/cdsantaclara.com\/loja\/?post_type=product&#038;p=3736"},"modified":"2026-04-17T11:03:40","modified_gmt":"2026-04-17T11:03:40","slug":"camisola-principal-vermelha-santa-clara-25-26","status":"publish","type":"product","link":"https:\/\/cdsantaclara.com\/loja\/produto\/camisola-principal-vermelha-santa-clara-25-26\/","title":{"rendered":"Camisola Principal Vermelha | 35\u20ac"},"content":{"rendered":"<p>Camisola principal do Santa Clara para a \u00e9poca 2025\/26, em vermelho tradicional, com design sublimado que homenageia a cultura e os costumes a\u00e7orianos. O padr\u00e3o floral celebra a uni\u00e3o entre arquitetura, trajes e utens\u00edlios locais. Produzida pela Umbro com tecnologia <strong data-start=\"270\" data-end=\"286\">Pro-Training<\/strong>, combina identidade, conforto e performance de topo.<\/p>\n","protected":false},"excerpt":{"rendered":"<p>Camisola principal do Santa Clara para a \u00e9poca 2025\/26, em vermelho tradicional, com design sublimado que homenageia a cultura e os costumes a\u00e7orianos. O padr\u00e3o floral celebra a uni\u00e3o entre arquitetura, trajes e utens\u00edlios locais. Produzida pela Umbro com tecnologia Pro-Training, combina identidade, conforto e performance de topo.<\/p>\n","protected":false},"featured_media":4803,"template":"","meta":[],"product_cat":[27],"product_tag":[],"product_group":[140],"_links":{"self":[{"href":"https:\/\/cdsantaclara.com\/loja\/wp-json\/wp\/v2\/product\/3736"}],"collection":[{"href":"https:\/\/cdsantaclara.com\/loja\/wp-json\/wp\/v2\/product"}],"about":[{"href":"https:\/\/cdsantaclara.com\/loja\/wp-json\/wp\/v2\/types\/product"}],"wp:featuredmedia":[{"embeddable":true,"href":"https:\/\/cdsantaclara.com\/loja\/wp-json\/wp\/v2\/media\/4803"}],"wp:attachment":[{"href":"https:\/\/cdsantaclara.com\/loja\/wp-json\/wp\/v2\/media?parent=3736"}],"wp:term":[{"taxonomy":"product_cat","embeddable":true,"href":"https:\/\/cdsantaclara.com\/loja\/wp-json\/wp\/v2\/product_cat?post=3736"},{"taxonomy":"product_tag","embeddable":true,"href":"https:\/\/cdsantaclara.com\/loja\/wp-json\/wp\/v2\/product_tag?post=3736"},{"taxonomy":"product_group","embeddable":true,"href":"https:\/\/cdsantaclara.com\/loja\/wp-json\/wp\/v2\/product_group?post=3736"}],"curies":[{"name":"wp","href":"https:\/\/api.w.org\/{rel}","templated":true}]}}