{"id":3797,"date":"2025-07-21T17:11:33","date_gmt":"2025-07-21T17:11:33","guid":{"rendered":"https:\/\/cdsantaclara.com\/loja\/?post_type=product&#038;p=3797"},"modified":"2026-04-17T11:20:31","modified_gmt":"2026-04-17T11:20:31","slug":"bone-santa-clara-vermelho-2025-26-20euros","status":"publish","type":"product","link":"https:\/\/cdsantaclara.com\/loja\/produto\/bone-santa-clara-vermelho-2025-26-20euros\/","title":{"rendered":"Bon\u00e9 Santa Clara | 20 Euros"},"content":{"rendered":"<p>Bon\u00e9 oficial do Santa Clara, utilizado pelos jogadores nas suas viagens. Produzido pela <strong data-start=\"94\" data-end=\"103\">Umbro<\/strong>, apresenta acabamento em <strong data-start=\"129\" data-end=\"147\">alta defini\u00e7\u00e3o<\/strong> na cor vermelha, combinando estilo, conforto e identidade a\u00e7oriana.<\/p>\n","protected":false},"excerpt":{"rendered":"<p>Bon\u00e9 oficial do Santa Clara, utilizado pelos jogadores nas suas viagens. Produzido pela Umbro, apresenta acabamento em alta defini\u00e7\u00e3o na cor vermelha, combinando estilo, conforto e identidade a\u00e7oriana.<\/p>\n","protected":false},"featured_media":4214,"template":"","meta":[],"product_cat":[33],"product_tag":[],"product_group":[140],"_links":{"self":[{"href":"https:\/\/cdsantaclara.com\/loja\/wp-json\/wp\/v2\/product\/3797"}],"collection":[{"href":"https:\/\/cdsantaclara.com\/loja\/wp-json\/wp\/v2\/product"}],"about":[{"href":"https:\/\/cdsantaclara.com\/loja\/wp-json\/wp\/v2\/types\/product"}],"wp:featuredmedia":[{"embeddable":true,"href":"https:\/\/cdsantaclara.com\/loja\/wp-json\/wp\/v2\/media\/4214"}],"wp:attachment":[{"href":"https:\/\/cdsantaclara.com\/loja\/wp-json\/wp\/v2\/media?parent=3797"}],"wp:term":[{"taxonomy":"product_cat","embeddable":true,"href":"https:\/\/cdsantaclara.com\/loja\/wp-json\/wp\/v2\/product_cat?post=3797"},{"taxonomy":"product_tag","embeddable":true,"href":"https:\/\/cdsantaclara.com\/loja\/wp-json\/wp\/v2\/product_tag?post=3797"},{"taxonomy":"product_group","embeddable":true,"href":"https:\/\/cdsantaclara.com\/loja\/wp-json\/wp\/v2\/product_group?post=3797"}],"curies":[{"name":"wp","href":"https:\/\/api.w.org\/{rel}","templated":true}]}}