{"id":3946,"date":"2025-09-12T14:56:11","date_gmt":"2025-09-12T14:56:11","guid":{"rendered":"https:\/\/cdsantaclara.com\/loja\/?post_type=product&#038;p=3946"},"modified":"2026-04-17T11:21:34","modified_gmt":"2026-04-17T11:21:34","slug":"guarda-chuva-santa-clara-oficial-12-euros","status":"publish","type":"product","link":"https:\/\/cdsantaclara.com\/loja\/produto\/guarda-chuva-santa-clara-oficial-12-euros\/","title":{"rendered":"Guarda Chuva Santa Clara | 12 Euros"},"content":{"rendered":"<p>Guarda-chuva oficial do Santa Clara, em <strong data-start=\"40\" data-end=\"52\">vermelho<\/strong>, com design <strong data-start=\"65\" data-end=\"96\">dobr\u00e1vel e f\u00e1cil de guardar<\/strong>. Inclui <strong data-start=\"105\" data-end=\"123\">capa protetora<\/strong>, ideal para o dia a dia ou para acompanhar o clube em qualquer ocasi\u00e3o.<\/p>\n","protected":false},"excerpt":{"rendered":"<p>Guarda-chuva oficial do Santa Clara, em vermelho, com design dobr\u00e1vel e f\u00e1cil de guardar. Inclui capa protetora, ideal para o dia a dia ou para acompanhar o clube em qualquer ocasi\u00e3o.<\/p>\n","protected":false},"featured_media":4244,"template":"","meta":[],"product_cat":[34],"product_tag":[],"product_group":[140],"_links":{"self":[{"href":"https:\/\/cdsantaclara.com\/loja\/wp-json\/wp\/v2\/product\/3946"}],"collection":[{"href":"https:\/\/cdsantaclara.com\/loja\/wp-json\/wp\/v2\/product"}],"about":[{"href":"https:\/\/cdsantaclara.com\/loja\/wp-json\/wp\/v2\/types\/product"}],"wp:featuredmedia":[{"embeddable":true,"href":"https:\/\/cdsantaclara.com\/loja\/wp-json\/wp\/v2\/media\/4244"}],"wp:attachment":[{"href":"https:\/\/cdsantaclara.com\/loja\/wp-json\/wp\/v2\/media?parent=3946"}],"wp:term":[{"taxonomy":"product_cat","embeddable":true,"href":"https:\/\/cdsantaclara.com\/loja\/wp-json\/wp\/v2\/product_cat?post=3946"},{"taxonomy":"product_tag","embeddable":true,"href":"https:\/\/cdsantaclara.com\/loja\/wp-json\/wp\/v2\/product_tag?post=3946"},{"taxonomy":"product_group","embeddable":true,"href":"https:\/\/cdsantaclara.com\/loja\/wp-json\/wp\/v2\/product_group?post=3946"}],"curies":[{"name":"wp","href":"https:\/\/api.w.org\/{rel}","templated":true}]}}