{"id":4111,"date":"2025-10-30T15:20:27","date_gmt":"2025-10-30T15:20:27","guid":{"rendered":"https:\/\/cdsantaclara.com\/loja\/?post_type=product&#038;p=4111"},"modified":"2026-04-20T16:42:29","modified_gmt":"2026-04-20T16:42:29","slug":"camisola-alternativa-branca-santa-clara-25-26","status":"publish","type":"product","link":"https:\/\/cdsantaclara.com\/loja\/produto\/camisola-alternativa-branca-santa-clara-25-26\/","title":{"rendered":"Camisola Alternativa Branca | 35\u20ac"},"content":{"rendered":"<p>Camisola Oficial do Santa Clara para a \u00e9poca 2025\/26, inspirada na flor da hort\u00eansia, s\u00edmbolo dos A\u00e7ores. Produzida pela Umbro com tecnologia <strong data-start=\"155\" data-end=\"171\">Pro-Training<\/strong>, apresenta um design sublimado em tons de branco, refletindo eleg\u00e2ncia, leveza e o orgulho a\u00e7oriano.<\/p>\n","protected":false},"excerpt":{"rendered":"<p>Camisola Oficial do Santa Clara para a \u00e9poca 2025\/26, inspirada na flor da hort\u00eansia, s\u00edmbolo dos A\u00e7ores. Produzida pela Umbro com tecnologia Pro-Training, apresenta um design sublimado em tons de branco, refletindo eleg\u00e2ncia, leveza e o orgulho a\u00e7oriano.<\/p>\n","protected":false},"featured_media":4811,"template":"","meta":[],"product_cat":[27],"product_tag":[],"product_group":[140],"_links":{"self":[{"href":"https:\/\/cdsantaclara.com\/loja\/wp-json\/wp\/v2\/product\/4111"}],"collection":[{"href":"https:\/\/cdsantaclara.com\/loja\/wp-json\/wp\/v2\/product"}],"about":[{"href":"https:\/\/cdsantaclara.com\/loja\/wp-json\/wp\/v2\/types\/product"}],"wp:featuredmedia":[{"embeddable":true,"href":"https:\/\/cdsantaclara.com\/loja\/wp-json\/wp\/v2\/media\/4811"}],"wp:attachment":[{"href":"https:\/\/cdsantaclara.com\/loja\/wp-json\/wp\/v2\/media?parent=4111"}],"wp:term":[{"taxonomy":"product_cat","embeddable":true,"href":"https:\/\/cdsantaclara.com\/loja\/wp-json\/wp\/v2\/product_cat?post=4111"},{"taxonomy":"product_tag","embeddable":true,"href":"https:\/\/cdsantaclara.com\/loja\/wp-json\/wp\/v2\/product_tag?post=4111"},{"taxonomy":"product_group","embeddable":true,"href":"https:\/\/cdsantaclara.com\/loja\/wp-json\/wp\/v2\/product_group?post=4111"}],"curies":[{"name":"wp","href":"https:\/\/api.w.org\/{rel}","templated":true}]}}