{"id":4330,"date":"2025-11-17T17:16:18","date_gmt":"2025-11-17T17:16:18","guid":{"rendered":"https:\/\/cdsantaclara.com\/loja\/?post_type=product&#038;p=4330"},"modified":"2026-04-17T11:10:24","modified_gmt":"2026-04-17T11:10:24","slug":"camisola-guarda-redes-azul-60e","status":"publish","type":"product","link":"https:\/\/cdsantaclara.com\/loja\/produto\/camisola-guarda-redes-azul-60e\/","title":{"rendered":"Camisola Guarda-Redes Azul | 35\u20ac"},"content":{"rendered":"<p>Camisola de guarda-redes do Santa Clara para 2025\/26, em azul marinho, com um padr\u00e3o subtil que evoca a cultura a\u00e7oriana. Produzida pela Umbro com tecnologia Pro-Training, une identidade e desempenho num design s\u00f3lido e confiante.<\/p>\n","protected":false},"excerpt":{"rendered":"<p>Camisola de guarda-redes do Santa Clara para 2025\/26, em azul marinho, com um padr\u00e3o subtil que evoca a cultura a\u00e7oriana. Produzida pela Umbro com tecnologia Pro-Training, une identidade e desempenho num design s\u00f3lido e confiante.<\/p>\n","protected":false},"featured_media":4817,"template":"","meta":[],"product_cat":[27],"product_tag":[],"product_group":[140],"_links":{"self":[{"href":"https:\/\/cdsantaclara.com\/loja\/wp-json\/wp\/v2\/product\/4330"}],"collection":[{"href":"https:\/\/cdsantaclara.com\/loja\/wp-json\/wp\/v2\/product"}],"about":[{"href":"https:\/\/cdsantaclara.com\/loja\/wp-json\/wp\/v2\/types\/product"}],"wp:featuredmedia":[{"embeddable":true,"href":"https:\/\/cdsantaclara.com\/loja\/wp-json\/wp\/v2\/media\/4817"}],"wp:attachment":[{"href":"https:\/\/cdsantaclara.com\/loja\/wp-json\/wp\/v2\/media?parent=4330"}],"wp:term":[{"taxonomy":"product_cat","embeddable":true,"href":"https:\/\/cdsantaclara.com\/loja\/wp-json\/wp\/v2\/product_cat?post=4330"},{"taxonomy":"product_tag","embeddable":true,"href":"https:\/\/cdsantaclara.com\/loja\/wp-json\/wp\/v2\/product_tag?post=4330"},{"taxonomy":"product_group","embeddable":true,"href":"https:\/\/cdsantaclara.com\/loja\/wp-json\/wp\/v2\/product_group?post=4330"}],"curies":[{"name":"wp","href":"https:\/\/api.w.org\/{rel}","templated":true}]}}