{"id":4654,"date":"2026-02-27T18:44:11","date_gmt":"2026-02-27T18:44:11","guid":{"rendered":"https:\/\/cdsantaclara.com\/loja\/?post_type=product&#038;p=4654"},"modified":"2026-04-17T11:19:48","modified_gmt":"2026-04-17T11:19:48","slug":"bone-santa-clara-heritage-20e","status":"publish","type":"product","link":"https:\/\/cdsantaclara.com\/loja\/produto\/bone-santa-clara-heritage-20e\/","title":{"rendered":"Bon\u00e9 Santa Clara Heritage | 20\u20ac"},"content":{"rendered":"<p>Bon\u00e9 oficial Santa Clara com bordado frontal em relevo e design tricolor. Um cl\u00e1ssico intemporal para quem carrega o orgulho a\u00e7oriano todos os dias. Produto licenciado.<\/p>\n","protected":false},"excerpt":{"rendered":"<p>Bon\u00e9 oficial Santa Clara com bordado frontal em relevo e design tricolor. Um cl\u00e1ssico intemporal para quem carrega o orgulho a\u00e7oriano todos os dias. Produto licenciado.<\/p>\n","protected":false},"featured_media":4655,"template":"","meta":[],"product_cat":[33],"product_tag":[],"product_group":[140],"_links":{"self":[{"href":"https:\/\/cdsantaclara.com\/loja\/wp-json\/wp\/v2\/product\/4654"}],"collection":[{"href":"https:\/\/cdsantaclara.com\/loja\/wp-json\/wp\/v2\/product"}],"about":[{"href":"https:\/\/cdsantaclara.com\/loja\/wp-json\/wp\/v2\/types\/product"}],"wp:featuredmedia":[{"embeddable":true,"href":"https:\/\/cdsantaclara.com\/loja\/wp-json\/wp\/v2\/media\/4655"}],"wp:attachment":[{"href":"https:\/\/cdsantaclara.com\/loja\/wp-json\/wp\/v2\/media?parent=4654"}],"wp:term":[{"taxonomy":"product_cat","embeddable":true,"href":"https:\/\/cdsantaclara.com\/loja\/wp-json\/wp\/v2\/product_cat?post=4654"},{"taxonomy":"product_tag","embeddable":true,"href":"https:\/\/cdsantaclara.com\/loja\/wp-json\/wp\/v2\/product_tag?post=4654"},{"taxonomy":"product_group","embeddable":true,"href":"https:\/\/cdsantaclara.com\/loja\/wp-json\/wp\/v2\/product_group?post=4654"}],"curies":[{"name":"wp","href":"https:\/\/api.w.org\/{rel}","templated":true}]}}